{"id":153,"date":"2024-02-16T23:17:00","date_gmt":"2024-02-16T14:17:00","guid":{"rendered":"http:\/\/aromaline.com\/?page_id=153"},"modified":"2025-02-27T17:56:23","modified_gmt":"2025-02-27T08:56:23","slug":"%ea%b8%b0%ec%88%a0%ed%98%81%ec%8b%a0","status":"publish","type":"page","link":"https:\/\/aromaline.com\/vi\/%ea%b8%b0%ec%88%a0%ed%98%81%ec%8b%a0\/","title":{"rendered":"Ph\u00e1t tri\u1ec3n c\u00f4ng ngh\u1ec7"},"content":{"rendered":"<div data-elementor-type=\"wp-page\" data-elementor-id=\"153\" class=\"elementor elementor-153\" data-elementor-post-type=\"page\">\n\t\t\t\t\t\t<section class=\"elementor-section elementor-top-section elementor-element elementor-element-29285029 elementor-section-boxed elementor-section-height-default elementor-section-height-default\" data-id=\"29285029\" data-element_type=\"section\">\n\t\t\t\t\t\t<div class=\"elementor-container elementor-column-gap-no\">\n\t\t\t\t\t<div class=\"elementor-column elementor-col-100 elementor-top-column elementor-element elementor-element-7516afcc\" data-id=\"7516afcc\" data-element_type=\"column\">\n\t\t\t<div class=\"elementor-widget-wrap elementor-element-populated\">\n\t\t\t\t\t\t<div class=\"elementor-element elementor-element-7b45b337 elementor-widget elementor-widget-heading\" data-id=\"7b45b337\" data-element_type=\"widget\" data-widget_type=\"heading.default\">\n\t\t\t\t<div class=\"elementor-widget-container\">\n\t\t\t<style>\/*! elementor - v3.19.0 - 07-02-2024 *\/\n.elementor-heading-title{padding:0;margin:0;line-height:1}.elementor-widget-heading .elementor-heading-title[class*=elementor-size-]>a{color:inherit;font-size:inherit;line-height:inherit}.elementor-widget-heading .elementor-heading-title.elementor-size-small{font-size:15px}.elementor-widget-heading .elementor-heading-title.elementor-size-medium{font-size:19px}.elementor-widget-heading .elementor-heading-title.elementor-size-large{font-size:29px}.elementor-widget-heading .elementor-heading-title.elementor-size-xl{font-size:39px}.elementor-widget-heading .elementor-heading-title.elementor-size-xxl{font-size:59px}<\/style><div class=\"elementor-heading-title elementor-size-default\">Ph\u00e1t tri\u1ec3n c\u00f4ng ngh\u1ec7<\/div>\t\t<\/div>\n\t\t\t\t<\/div>\n\t\t\t\t<div class=\"elementor-element elementor-element-3310dcdd elementor-tabs-view-horizontal elementor-widget elementor-widget-tabs\" data-id=\"3310dcdd\" data-element_type=\"widget\" id=\"m-tabs\" data-widget_type=\"tabs.default\">\n\t\t\t\t<div class=\"elementor-widget-container\">\n\t\t\t<style>\/*! elementor - v3.19.0 - 07-02-2024 *\/\n.elementor-widget-tabs.elementor-tabs-view-vertical .elementor-tabs-wrapper{width:25%;flex-shrink:0}.elementor-widget-tabs.elementor-tabs-view-vertical .elementor-tab-desktop-title.elementor-active{border-right-style:none}.elementor-widget-tabs.elementor-tabs-view-vertical .elementor-tab-desktop-title.elementor-active:after,.elementor-widget-tabs.elementor-tabs-view-vertical .elementor-tab-desktop-title.elementor-active:before{height:999em;width:0;right:0;border-right-style:solid}.elementor-widget-tabs.elementor-tabs-view-vertical .elementor-tab-desktop-title.elementor-active:before{top:0;transform:translateY(-100%)}.elementor-widget-tabs.elementor-tabs-view-vertical .elementor-tab-desktop-title.elementor-active:after{top:100%}.elementor-widget-tabs.elementor-tabs-view-horizontal .elementor-tab-desktop-title{display:table-cell}.elementor-widget-tabs.elementor-tabs-view-horizontal .elementor-tab-desktop-title.elementor-active{border-bottom-style:none}.elementor-widget-tabs.elementor-tabs-view-horizontal .elementor-tab-desktop-title.elementor-active:after,.elementor-widget-tabs.elementor-tabs-view-horizontal .elementor-tab-desktop-title.elementor-active:before{bottom:0;height:0;width:999em;border-bottom-style:solid}.elementor-widget-tabs.elementor-tabs-view-horizontal .elementor-tab-desktop-title.elementor-active:before{right:100%}.elementor-widget-tabs.elementor-tabs-view-horizontal .elementor-tab-desktop-title.elementor-active:after{left:100%}.elementor-widget-tabs .elementor-tab-content,.elementor-widget-tabs .elementor-tab-title,.elementor-widget-tabs .elementor-tab-title:after,.elementor-widget-tabs .elementor-tab-title:before,.elementor-widget-tabs .elementor-tabs-content-wrapper{border:1px #d5d8dc}.elementor-widget-tabs .elementor-tabs{text-align:left}.elementor-widget-tabs .elementor-tabs-wrapper{overflow:hidden}.elementor-widget-tabs .elementor-tab-title{cursor:pointer;outline:var(--focus-outline,none)}.elementor-widget-tabs .elementor-tab-desktop-title{position:relative;padding:20px 25px;font-weight:700;line-height:1;border:solid transparent}.elementor-widget-tabs .elementor-tab-desktop-title.elementor-active{border-color:#d5d8dc}.elementor-widget-tabs .elementor-tab-desktop-title.elementor-active:after,.elementor-widget-tabs .elementor-tab-desktop-title.elementor-active:before{display:block;content:\"\";position:absolute}.elementor-widget-tabs .elementor-tab-desktop-title:focus-visible{border:1px solid #000}.elementor-widget-tabs .elementor-tab-mobile-title{padding:10px;cursor:pointer}.elementor-widget-tabs .elementor-tab-content{padding:20px;display:none}@media (max-width:767px){.elementor-tabs .elementor-tab-content,.elementor-tabs .elementor-tab-title{border-style:solid solid none}.elementor-tabs .elementor-tabs-wrapper{display:none}.elementor-tabs .elementor-tabs-content-wrapper{border-bottom-style:solid}.elementor-tabs .elementor-tab-content{padding:10px}}@media (min-width:768px){.elementor-widget-tabs.elementor-tabs-view-vertical .elementor-tabs{display:flex}.elementor-widget-tabs.elementor-tabs-view-vertical .elementor-tabs-wrapper{flex-direction:column}.elementor-widget-tabs.elementor-tabs-view-vertical .elementor-tabs-content-wrapper{flex-grow:1;border-style:solid solid solid none}.elementor-widget-tabs.elementor-tabs-view-horizontal .elementor-tab-content{border-style:none solid solid}.elementor-widget-tabs.elementor-tabs-alignment-center .elementor-tabs-wrapper,.elementor-widget-tabs.elementor-tabs-alignment-end .elementor-tabs-wrapper,.elementor-widget-tabs.elementor-tabs-alignment-stretch .elementor-tabs-wrapper{display:flex}.elementor-widget-tabs.elementor-tabs-alignment-center .elementor-tabs-wrapper{justify-content:center}.elementor-widget-tabs.elementor-tabs-alignment-end .elementor-tabs-wrapper{justify-content:flex-end}.elementor-widget-tabs.elementor-tabs-alignment-stretch.elementor-tabs-view-horizontal .elementor-tab-title{width:100%}.elementor-widget-tabs.elementor-tabs-alignment-stretch.elementor-tabs-view-vertical .elementor-tab-title{height:100%}.elementor-tabs .elementor-tab-mobile-title{display:none}}<\/style>\t\t<div class=\"elementor-tabs\">\n\t\t\t<div class=\"elementor-tabs-wrapper\" role=\"tablist\" >\n\t\t\t\t\t\t\t\t\t<div id=\"elementor-tab-title-8561\" class=\"elementor-tab-title elementor-tab-desktop-title\" aria-selected=\"true\" data-tab=\"1\" role=\"tab\" tabindex=\"0\" aria-controls=\"elementor-tab-content-8561\" aria-expanded=\"false\">ph\u00e2n t\u00edch v\u00e0 ki\u1ec3m so\u00e1t ch\u1ea5t l\u01b0\u1ee3ng<\/div>\n\t\t\t\t\t\t\t\t\t<div id=\"elementor-tab-title-8562\" class=\"elementor-tab-title elementor-tab-desktop-title\" aria-selected=\"false\" data-tab=\"2\" role=\"tab\" tabindex=\"-1\" aria-controls=\"elementor-tab-content-8562\" aria-expanded=\"false\">B\u1ed9 ph\u1eadn s\u1ea3n xu\u1ea5t<\/div>\n\t\t\t\t\t\t\t<\/div>\n\t\t\t<div class=\"elementor-tabs-content-wrapper\" role=\"tablist\" aria-orientation=\"vertical\">\n\t\t\t\t\t\t\t\t\t<div class=\"elementor-tab-title elementor-tab-mobile-title\" aria-selected=\"true\" data-tab=\"1\" role=\"tab\" tabindex=\"0\" aria-controls=\"elementor-tab-content-8561\" aria-expanded=\"false\">ph\u00e2n t\u00edch v\u00e0 ki\u1ec3m so\u00e1t ch\u1ea5t l\u01b0\u1ee3ng<\/div>\n\t\t\t\t\t<div id=\"elementor-tab-content-8561\" class=\"elementor-tab-content elementor-clearfix\" data-tab=\"1\" role=\"tabpanel\" aria-labelledby=\"elementor-tab-title-8561\" tabindex=\"0\" hidden=\"false\"><p>\t\t<div data-elementor-type=\"section\" data-elementor-id=\"67\" class=\"elementor elementor-67\" data-elementor-post-type=\"elementor_library\">\n\t\t\t\t\t<section class=\"elementor-section elementor-top-section elementor-element elementor-element-51edc96c elementor-section-boxed elementor-section-height-default elementor-section-height-default\" data-id=\"51edc96c\" data-element_type=\"section\">\n\t\t\t\t\t\t<div class=\"elementor-container elementor-column-gap-no\">\n\t\t\t\t\t<div class=\"elementor-column elementor-col-100 elementor-top-column elementor-element elementor-element-7df196d9\" data-id=\"7df196d9\" data-element_type=\"column\">\n\t\t\t<div class=\"elementor-widget-wrap elementor-element-populated\">\n\t\t\t\t\t\t<div class=\"elementor-element elementor-element-f59bfc6 elementor-widget elementor-widget-image\" data-id=\"f59bfc6\" data-element_type=\"widget\" data-widget_type=\"image.default\">\n\t\t\t\t<div class=\"elementor-widget-container\">\n\t\t\t<style>\/*! elementor - v3.19.0 - 07-02-2024 *\/\n.elementor-widget-image{text-align:center}.elementor-widget-image a{display:inline-block}.elementor-widget-image a img[src$=\".svg\"]{width:48px}.elementor-widget-image img{vertical-align:middle;display:inline-block}<\/style>\t\t\t\t\t\t\t\t\t\t<img fetchpriority=\"high\" decoding=\"async\" width=\"800\" height=\"250\" src=\"https:\/\/aromaline.com\/wp-content\/uploads\/2024\/02\/img_1-1024x320.jpg\" class=\"attachment-large size-large wp-image-66\" alt=\"\" srcset=\"https:\/\/aromaline.com\/wp-content\/uploads\/2024\/02\/img_1-1024x320.jpg 1024w, https:\/\/aromaline.com\/wp-content\/uploads\/2024\/02\/img_1-300x94.jpg 300w, https:\/\/aromaline.com\/wp-content\/uploads\/2024\/02\/img_1-768x240.jpg 768w, https:\/\/aromaline.com\/wp-content\/uploads\/2024\/02\/img_1-1536x480.jpg 1536w, https:\/\/aromaline.com\/wp-content\/uploads\/2024\/02\/img_1-18x6.jpg 18w, https:\/\/aromaline.com\/wp-content\/uploads\/2024\/02\/img_1.jpg 1920w\" sizes=\"(max-width: 800px) 100vw, 800px\" \/>\t\t\t\t\t\t\t\t\t\t\t\t\t<\/div>\n\t\t\t\t<\/div>\n\t\t\t\t<section class=\"elementor-section elementor-inner-section elementor-element elementor-element-63cc0cbb elementor-section-boxed elementor-section-height-default elementor-section-height-default\" data-id=\"63cc0cbb\" data-element_type=\"section\">\n\t\t\t\t\t\t<div class=\"elementor-container elementor-column-gap-no\">\n\t\t\t\t\t<div class=\"elementor-column elementor-col-100 elementor-inner-column elementor-element elementor-element-7cd261a6\" data-id=\"7cd261a6\" data-element_type=\"column\">\n\t\t\t<div class=\"elementor-widget-wrap elementor-element-populated\">\n\t\t\t\t\t\t<div class=\"elementor-element elementor-element-71e76753 elementor-widget__width-initial elementor-widget-tablet__width-inherit elementor-widget elementor-widget-heading\" data-id=\"71e76753\" data-element_type=\"widget\" data-widget_type=\"heading.default\">\n\t\t\t\t<div class=\"elementor-widget-container\">\n\t\t\t<div class=\"elementor-heading-title elementor-size-default translation-block\">Vai tr\u00f2 quan tr\u1ecdng trong ph\u00e1t tri\u1ec3n v\u00e0 ch\u1ea5t l\u01b0\u1ee3ng s\u1ea3n ph\u1ea9m<br>\nThi\u1ebft b\u1ecb ph\u00e2n t\u00edch v\u00e0 ki\u1ec3m so\u00e1t ch\u1ea5t l\u01b0\u1ee3ng.<\/div>\t\t<\/div>\n\t\t\t\t<\/div>\n\t\t\t\t<div class=\"elementor-element elementor-element-04a5149 elementor-widget__width-initial elementor-widget elementor-widget-heading\" data-id=\"04a5149\" data-element_type=\"widget\" data-widget_type=\"heading.default\">\n\t\t\t\t<div class=\"elementor-widget-container\">\n\t\t\t<div class=\"elementor-heading-title elementor-size-default\">Aromaline cam k\u1ebft ch\u1ea5t l\u01b0\u1ee3ng v\u00e0 \u0111\u1ed9 an to\u00e0n b\u1eb1ng c\u00f4ng ngh\u1ec7 m\u1edbi nh\u1ea5t v\u00e0 gi\u00e1 tr\u1ecb c\u1ed1t l\u00f5i c\u1ee7a ch\u00fang t\u00f4i l\u00e0 ph\u00e1t tri\u1ec3n nh\u1eefng lo\u1ea1i h\u01b0\u01a1ng li\u1ec7u t\u1ed1t nh\u1ea5t l\u00e0m h\u00e0i l\u00f2ng kh\u00e1ch h\u00e0ng.<br><br>\n\nCh\u00fang t\u00f4i s\u1ebd c\u1ed1 g\u1eafng cung c\u1ea5p cho kh\u00e1ch h\u00e0ng nh\u1eefng s\u1ea3n ph\u1ea9m \u0111\u00e1p \u1ee9ng ti\u00eau chu\u1ea9n cao nh\u1ea5t th\u00f4ng qua vi\u1ec7c ph\u00e1t tri\u1ec3n c\u00e1c lo\u1ea1i h\u01b0\u01a1ng li\u1ec7u an to\u00e0n v\u00e0 \u0111\u00e1ng tin c\u1eady, tu\u00e2n th\u1ee7 c\u00e1c quy \u0111\u1ecbnh ph\u00e1p lu\u1eadt v\u00e0 th\u00f4ng qua ki\u1ec3m so\u00e1t ch\u1ea5t l\u01b0\u1ee3ng nghi\u00eam ng\u1eb7t \u1edf t\u1ea5t c\u1ea3 c\u00e1c giai \u0111o\u1ea1n c\u1ee7a quy tr\u00ecnh s\u1ea3n xu\u1ea5t s\u1ea3n ph\u1ea9m.<\/div>\t\t<\/div>\n\t\t\t\t<\/div>\n\t\t\t\t\t<\/div>\n\t\t<\/div>\n\t\t\t\t\t<\/div>\n\t\t<\/section>\n\t\t\t\t\t<\/div>\n\t\t<\/div>\n\t\t\t\t\t<\/div>\n\t\t<\/section>\n\t\t\t\t<\/div>\n\t\t<\/p><\/div>\n\t\t\t\t\t\t\t\t\t<div class=\"elementor-tab-title elementor-tab-mobile-title\" aria-selected=\"false\" data-tab=\"2\" role=\"tab\" tabindex=\"-1\" aria-controls=\"elementor-tab-content-8562\" aria-expanded=\"false\">B\u1ed9 ph\u1eadn s\u1ea3n xu\u1ea5t<\/div>\n\t\t\t\t\t<div id=\"elementor-tab-content-8562\" class=\"elementor-tab-content elementor-clearfix\" data-tab=\"2\" role=\"tabpanel\" aria-labelledby=\"elementor-tab-title-8562\" tabindex=\"0\" hidden=\"hidden\"><p>\t\t<div data-elementor-type=\"section\" data-elementor-id=\"72\" class=\"elementor elementor-72\" data-elementor-post-type=\"elementor_library\">\n\t\t\t\t\t<section class=\"elementor-section elementor-top-section elementor-element elementor-element-5b2d12ff elementor-section-boxed elementor-section-height-default elementor-section-height-default\" data-id=\"5b2d12ff\" data-element_type=\"section\">\n\t\t\t\t\t\t<div class=\"elementor-container elementor-column-gap-no\">\n\t\t\t\t\t<div class=\"elementor-column elementor-col-100 elementor-top-column elementor-element elementor-element-25efa5e5\" data-id=\"25efa5e5\" data-element_type=\"column\">\n\t\t\t<div class=\"elementor-widget-wrap elementor-element-populated\">\n\t\t\t\t\t\t<div class=\"elementor-element elementor-element-4d554826 elementor-widget elementor-widget-image\" data-id=\"4d554826\" data-element_type=\"widget\" data-widget_type=\"image.default\">\n\t\t\t\t<div class=\"elementor-widget-container\">\n\t\t\t\t\t\t\t\t\t\t\t\t\t<img decoding=\"async\" width=\"800\" height=\"293\" src=\"https:\/\/aromaline.com\/wp-content\/uploads\/2024\/02\/img_2-1024x375.jpg\" class=\"attachment-large size-large wp-image-71\" alt=\"\" srcset=\"https:\/\/aromaline.com\/wp-content\/uploads\/2024\/02\/img_2-1024x375.jpg 1024w, https:\/\/aromaline.com\/wp-content\/uploads\/2024\/02\/img_2-300x110.jpg 300w, https:\/\/aromaline.com\/wp-content\/uploads\/2024\/02\/img_2-768x281.jpg 768w, https:\/\/aromaline.com\/wp-content\/uploads\/2024\/02\/img_2-1536x562.jpg 1536w, https:\/\/aromaline.com\/wp-content\/uploads\/2024\/02\/img_2-18x7.jpg 18w, https:\/\/aromaline.com\/wp-content\/uploads\/2024\/02\/img_2.jpg 1640w\" sizes=\"(max-width: 800px) 100vw, 800px\" \/>\t\t\t\t\t\t\t\t\t\t\t\t\t<\/div>\n\t\t\t\t<\/div>\n\t\t\t\t<section class=\"elementor-section elementor-inner-section elementor-element elementor-element-2f8fa6cf elementor-section-boxed elementor-section-height-default elementor-section-height-default\" data-id=\"2f8fa6cf\" data-element_type=\"section\">\n\t\t\t\t\t\t<div class=\"elementor-container elementor-column-gap-no\">\n\t\t\t\t\t<div class=\"elementor-column elementor-col-100 elementor-inner-column elementor-element elementor-element-192942da\" data-id=\"192942da\" data-element_type=\"column\">\n\t\t\t<div class=\"elementor-widget-wrap elementor-element-populated\">\n\t\t\t\t\t\t<div class=\"elementor-element elementor-element-78909c36 elementor-widget__width-initial elementor-widget-tablet__width-inherit elementor-widget elementor-widget-heading\" data-id=\"78909c36\" data-element_type=\"widget\" data-widget_type=\"heading.default\">\n\t\t\t\t<div class=\"elementor-widget-container\">\n\t\t\t<div class=\"elementor-heading-title elementor-size-default translation-block\">B\u1ed9 ph\u1eadn s\u1ea3n xu\u1ea5t \u0111\u01b0\u1ee3c trang b\u1ecb c\u01a1 s\u1edf v\u1eadt ch\u1ea5t v\u00e0 c\u00f4ng ngh\u1ec7 ti\u00ean ti\u1ebfn<\/div>\t\t<\/div>\n\t\t\t\t<\/div>\n\t\t\t\t<div class=\"elementor-element elementor-element-e637cca elementor-widget__width-initial elementor-widget elementor-widget-heading\" data-id=\"e637cca\" data-element_type=\"widget\" data-widget_type=\"heading.default\">\n\t\t\t\t<div class=\"elementor-widget-container\">\n\t\t\t<div class=\"elementor-heading-title elementor-size-default translation-block\">B\u1ed9 ph\u1eadn s\u1ea3n xu\u1ea5t c\u1ee7a ch\u00fang t\u00f4i \u0111ang c\u1ed1 g\u1eafng h\u1ebft s\u1ee9c \u0111\u1ec3 ho\u00e0n thi\u1ec7n vi\u1ec7c s\u1ea3n xu\u1ea5t h\u01b0\u01a1ng li\u1ec7u. B\u1ed9 ph\u1eadn s\u1ea3n xu\u1ea5t s\u1eed d\u1ee5ng c\u01a1 s\u1edf v\u1eadt ch\u1ea5t v\u00e0 c\u00f4ng ngh\u1ec7 hi\u1ec7n \u0111\u1ea1i \u0111\u1ec3 th\u1ef1c hi\u1ec7n quy tr\u00ecnh s\u1ea3n xu\u1ea5t h\u01b0\u01a1ng li\u1ec7u.\nTh\u00f4ng qua c\u00f4ng ngh\u1ec7 m\u1edbi nh\u1ea5t v\u00e0 quy tr\u00ecnh ki\u1ec3m so\u00e1t ch\u1ea5t l\u01b0\u1ee3ng nghi\u00eam ng\u1eb7t, ch\u00fang t\u00f4i \u0111\u1ea3m b\u1ea3o ch\u1ea5t l\u01b0\u1ee3ng t\u1ed1t nh\u1ea5t v\u00e0 c\u1ed1 g\u1eafng lu\u00f4n cung c\u1ea5p nh\u1eefng s\u1ea3n ph\u1ea9m v\u1eeba \u00fd cho kh\u00e1ch h\u00e0ng. \n<br><br>\nD\u1ef1a tr\u00ean s\u1ef1 \u0111\u1ed5i m\u1edbi kh\u00f4ng ng\u1eebng v\u00e0 ti\u00eau chu\u1ea9n k\u1ef9 thu\u1eadt cao, b\u1ed9 ph\u1eadn s\u1ea3n xu\u1ea5t c\u1ee7a ch\u00fang t\u00f4i chuy\u00ean s\u1ea3n xu\u1ea5t c\u00e1c lo\u1ea1i h\u01b0\u01a1ng li\u1ec7u t\u1ed1t nh\u1ea5t \u0111\u00e1p \u1ee9ng nhu c\u1ea7u \u0111a d\u1ea1ng c\u1ee7a kh\u00e1ch h\u00e0ng.V\u1ec1 t\u00ednh th\u1ea9m m\u1ef9 v\u00e0 ch\u1ea5t l\u01b0\u1ee3ng c\u1ee7a h\u01b0\u01a1ng li\u1ec7u.V\u1edbi ni\u1ec1m \u0111am m\u00ea, b\u1ed9 ph\u1eadn s\u1ea3n xu\u1ea5t c\u1ee7a ch\u00fang t\u00f4i lu\u00f4n n\u1ed7 l\u1ef1c \u0111\u1ec3 cung c\u1ea5p nh\u1eefng s\u1ea3n ph\u1ea9m t\u1ed1t h\u01a1n.\u201cPh\u00f2ng s\u1ea3n xu\u1ea5t h\u01b0\u01a1ng th\u1ef1c ph\u1ea9m, ph\u00f2ng s\u1ea3n xu\u1ea5t h\u01b0\u01a1ng c\u00f4ng nghi\u1ec7p, ph\u00f2ng s\u1ea3n xu\u1ea5t Halal\u201d<\/div>\t\t<\/div>\n\t\t\t\t<\/div>\n\t\t\t\t\t<\/div>\n\t\t<\/div>\n\t\t\t\t\t<\/div>\n\t\t<\/section>\n\t\t\t\t\t<\/div>\n\t\t<\/div>\n\t\t\t\t\t<\/div>\n\t\t<\/section>\n\t\t\t\t<\/div>\n\t\t<\/p><\/div>\n\t\t\t\t\t\t\t<\/div>\n\t\t<\/div>\n\t\t\t\t<\/div>\n\t\t\t\t<\/div>\n\t\t\t\t\t<\/div>\n\t\t<\/div>\n\t\t\t\t\t<\/div>\n\t\t<\/section>\n\t\t\t\t<\/div>","protected":false},"excerpt":{"rendered":"<p>\uae30\uc220\ud601\uc2e0 \uae30\uae30\ubd84\uc11d \ubc0f \ud488\uc9c8\uad00\ub9ac \uc0dd\uc0b0\ubd80 \uae30\uae30\ubd84\uc11d \ubc0f \ud488\uc9c8\uad00\ub9ac \uc81c\ud488 \uac1c\ubc1c\uacfc \ud488\uc9c8\uc758 \ud575\uc2ec\uc5ed\ud560 \uae30\uae30\ubd84\uc11d &#038; \ud488\uc9c8\uad00\ub9ac \uc544\ub85c\ub9c8\ub77c\uc778\uc740 \ucd5c\uc2e0 \uae30\uc220\uc744 \ud65c\uc6a9\ud558\uc5ec \ud488\uc9c8\uacfc \uc548\uc804\uc131 \uac80\uc99d\uc5d0 \uc804\ub150\ud558\uba70 \uace0\uac1d\uc774 \ub9cc\uc871\ud558\ub294 \ucd5c\uace0\uc758 \ud5a5\ub8cc \uac1c\ubc1c\uc744 \ud575\uc2ec \uac00\uce58\ub85c \uc0bc\uace0 \uc788\uc2b5\ub2c8\ub2e4. \ubc95\uc801 \uaddc\uc81c\uc5d0 \uc801\ud569\ud55c \uc548\uc804\ud558\uace0 \ubbff\uc744 \uc218 \uc788\ub294 \ud5a5\ub8cc \uac1c\ubc1c\uacfc \uc81c\ud488 \uc0dd\uc0b0\uacfc\uc815 \ubaa8\ub4e0 \ub2e8\uacc4\uc5d0\uc11c\uc758 \uc5c4\uaca9\ud55c \ud488\uc9c8\uad00\ub9ac\ub97c \ud1b5\ud558\uc5ec \ucd5c\uace0\uc758 \uae30\uc900\uc744 \ucda9\uc871\uc2dc\ud0a4\ub294 \uc81c\ud488\uc744 \uace0\uac1d\uc5d0\uac8c \uc81c\uacf5\ud558\ub3c4\ub85d \ub178\ub825\ud558\uaca0\uc2b5\ub2c8\ub2e4. [&hellip;]<\/p>","protected":false},"author":1,"featured_media":0,"parent":0,"menu_order":0,"comment_status":"closed","ping_status":"closed","template":"","meta":{"footnotes":""},"aioseo_notices":[],"_links":{"self":[{"href":"https:\/\/aromaline.com\/vi\/wp-json\/wp\/v2\/pages\/153"}],"collection":[{"href":"https:\/\/aromaline.com\/vi\/wp-json\/wp\/v2\/pages"}],"about":[{"href":"https:\/\/aromaline.com\/vi\/wp-json\/wp\/v2\/types\/page"}],"author":[{"embeddable":true,"href":"https:\/\/aromaline.com\/vi\/wp-json\/wp\/v2\/users\/1"}],"replies":[{"embeddable":true,"href":"https:\/\/aromaline.com\/vi\/wp-json\/wp\/v2\/comments?post=153"}],"version-history":[{"count":19,"href":"https:\/\/aromaline.com\/vi\/wp-json\/wp\/v2\/pages\/153\/revisions"}],"predecessor-version":[{"id":559,"href":"https:\/\/aromaline.com\/vi\/wp-json\/wp\/v2\/pages\/153\/revisions\/559"}],"wp:attachment":[{"href":"https:\/\/aromaline.com\/vi\/wp-json\/wp\/v2\/media?parent=153"}],"curies":[{"name":"wp","href":"https:\/\/api.w.org\/{rel}","templated":true}]}}